{"id":522,"date":"2021-09-30T10:26:26","date_gmt":"2021-09-30T10:26:26","guid":{"rendered":"http:\/\/store.miligram.pt\/sobre-nosotros\/"},"modified":"2021-10-12T09:36:49","modified_gmt":"2021-10-12T09:36:49","slug":"sobre-nosotros","status":"publish","type":"page","link":"https:\/\/efscork.com\/es\/sobre-nosotros\/","title":{"rendered":"Sobre nosotros"},"content":{"rendered":"\t\t<div data-elementor-type=\"wp-page\" data-elementor-id=\"522\" class=\"elementor elementor-522 elementor-22\" data-elementor-post-type=\"page\">\n\t\t\t\t\t\t<section class=\"elementor-section elementor-top-section elementor-element elementor-element-6dd51e74 elementor-section-height-min-height elementor-section-items-bottom elementor-section-boxed elementor-section-height-default\" data-id=\"6dd51e74\" data-element_type=\"section\" data-e-type=\"section\" data-settings=\"{&quot;background_background&quot;:&quot;slideshow&quot;,&quot;background_slideshow_gallery&quot;:[{&quot;id&quot;:140,&quot;url&quot;:&quot;https:\\\/\\\/efscork.com\\\/wp-content\\\/uploads\\\/2021\\\/07\\\/selecao.jpg&quot;},{&quot;id&quot;:210,&quot;url&quot;:&quot;https:\\\/\\\/efscork.com\\\/wp-content\\\/uploads\\\/2021\\\/07\\\/contactos.jpg&quot;},{&quot;id&quot;:41,&quot;url&quot;:&quot;https:\\\/\\\/efscork.com\\\/wp-content\\\/uploads\\\/2021\\\/07\\\/header-noticias-8-1.png&quot;}],&quot;shape_divider_bottom&quot;:&quot;triangle&quot;,&quot;shape_divider_bottom_negative&quot;:&quot;yes&quot;,&quot;background_slideshow_slide_duration&quot;:3000,&quot;background_slideshow_loop&quot;:&quot;yes&quot;,&quot;background_slideshow_slide_transition&quot;:&quot;fade&quot;,&quot;background_slideshow_transition_duration&quot;:500}\">\n\t\t\t\t\t<div class=\"elementor-shape elementor-shape-bottom\" aria-hidden=\"true\" data-negative=\"true\">\n\t\t\t<svg xmlns=\"http:\/\/www.w3.org\/2000\/svg\" viewBox=\"0 0 1000 100\" preserveAspectRatio=\"none\">\n\t<path class=\"elementor-shape-fill\" d=\"M500.2,94.7L0,0v100h1000V0L500.2,94.7z\"\/>\n<\/svg>\t\t<\/div>\n\t\t\t\t\t<div class=\"elementor-container elementor-column-gap-default\">\n\t\t\t\t\t<div class=\"elementor-column elementor-col-100 elementor-top-column elementor-element elementor-element-3154e150\" data-id=\"3154e150\" data-element_type=\"column\" data-e-type=\"column\">\n\t\t\t<div class=\"elementor-widget-wrap\">\n\t\t\t\t\t\t\t<\/div>\n\t\t<\/div>\n\t\t\t\t\t<\/div>\n\t\t<\/section>\n\t\t\t\t<section class=\"elementor-section elementor-top-section elementor-element elementor-element-b843c16 elementor-section-full_width elementor-section-height-min-height elementor-section-items-stretch elementor-section-height-default\" data-id=\"b843c16\" data-element_type=\"section\" data-e-type=\"section\">\n\t\t\t\t\t\t<div class=\"elementor-container elementor-column-gap-no\">\n\t\t\t\t\t<div class=\"elementor-column elementor-col-50 elementor-top-column elementor-element elementor-element-328d566\" data-id=\"328d566\" data-element_type=\"column\" data-e-type=\"column\" data-settings=\"{&quot;background_background&quot;:&quot;slideshow&quot;,&quot;background_slideshow_gallery&quot;:[{&quot;id&quot;:338,&quot;url&quot;:&quot;https:\\\/\\\/efscork.com\\\/wp-content\\\/uploads\\\/2021\\\/09\\\/JJFOTO-2.jpg&quot;}],&quot;background_slideshow_loop&quot;:&quot;yes&quot;,&quot;background_slideshow_slide_duration&quot;:5000,&quot;background_slideshow_slide_transition&quot;:&quot;fade&quot;,&quot;background_slideshow_transition_duration&quot;:500}\">\n\t\t\t<div class=\"elementor-widget-wrap\">\n\t\t\t\t\t\t\t<\/div>\n\t\t<\/div>\n\t\t\t\t<div class=\"elementor-column elementor-col-50 elementor-top-column elementor-element elementor-element-7819d32\" data-id=\"7819d32\" data-element_type=\"column\" data-e-type=\"column\">\n\t\t\t<div class=\"elementor-widget-wrap elementor-element-populated\">\n\t\t\t\t\t\t<div class=\"elementor-element elementor-element-7a7f15a7 elementor-widget elementor-widget-heading\" data-id=\"7a7f15a7\" data-element_type=\"widget\" data-e-type=\"widget\" data-widget_type=\"heading.default\">\n\t\t\t\t<div class=\"elementor-widget-container\">\n\t\t\t\t\t<h2 class=\"elementor-heading-title elementor-size-default\">Nuestra historia<\/h2>\t\t\t\t<\/div>\n\t\t\t\t<\/div>\n\t\t\t\t<div class=\"elementor-element elementor-element-5b46d4f elementor-widget elementor-widget-text-editor\" data-id=\"5b46d4f\" data-element_type=\"widget\" data-e-type=\"widget\" data-widget_type=\"text-editor.default\">\n\t\t\t\t<div class=\"elementor-widget-container\">\n\t\t\t\t\t\t\t\t\t<p>Fundada en 1945 por El\u00edsio Ferreira dos Santos y con m\u00e1s de 75 a\u00f1os de saber hacer a lo largo de 3 generaciones, EFS Cork es un grupo familiar dedicado a la producci\u00f3n y comercializaci\u00f3n de tapones de corcho y derivados del corcho en todo el mundo.<\/p>\n\t\t\t\t\t\t\t\t<\/div>\n\t\t\t\t<\/div>\n\t\t\t\t\t<\/div>\n\t\t<\/div>\n\t\t\t\t\t<\/div>\n\t\t<\/section>\n\t\t\t\t<section class=\"elementor-section elementor-top-section elementor-element elementor-element-8889d9d elementor-section-full_width elementor-section-height-min-height elementor-section-items-stretch elementor-reverse-mobile elementor-section-height-default\" data-id=\"8889d9d\" data-element_type=\"section\" data-e-type=\"section\">\n\t\t\t\t\t\t<div class=\"elementor-container elementor-column-gap-no\">\n\t\t\t\t\t<div class=\"elementor-column elementor-col-50 elementor-top-column elementor-element elementor-element-53034477\" data-id=\"53034477\" data-element_type=\"column\" data-e-type=\"column\">\n\t\t\t<div class=\"elementor-widget-wrap elementor-element-populated\">\n\t\t\t\t\t\t<div class=\"elementor-element elementor-element-3589e600 elementor-widget elementor-widget-text-editor\" data-id=\"3589e600\" data-element_type=\"widget\" data-e-type=\"widget\" data-widget_type=\"text-editor.default\">\n\t\t\t\t<div class=\"elementor-widget-container\">\n\t\t\t\t\t\t\t\t\t<p>Actualmente en la 3\u00aa generaci\u00f3n, EFS Cork invierte constantemente en sus recursos humanos y la eficiencia de nuestras operaciones introduciendo las \u00faltimas innovaciones tecnol\u00f3gicas en todas nuestras Plantas.<\/p>\n<p>EFS Cork tiene la intenci\u00f3n de agregar valor al corcho mejorando la materia prima en nuestro proceso vertical totalmente integrado. Con esto, apostamos por un control de alta calidad y un alto nivel de satisfacci\u00f3n del cliente, asegurando el crecimiento s\u00f3lido y sostenible que siempre nos ha caracterizado.<\/p>\n\t\t\t\t\t\t\t\t<\/div>\n\t\t\t\t<\/div>\n\t\t\t\t\t<\/div>\n\t\t<\/div>\n\t\t\t\t<div class=\"elementor-column elementor-col-50 elementor-top-column elementor-element elementor-element-4e5e6d58\" data-id=\"4e5e6d58\" data-element_type=\"column\" data-e-type=\"column\" data-settings=\"{&quot;background_background&quot;:&quot;slideshow&quot;,&quot;background_slideshow_gallery&quot;:[{&quot;id&quot;:139,&quot;url&quot;:&quot;https:\\\/\\\/efscork.com\\\/wp-content\\\/uploads\\\/2021\\\/07\\\/rabaneacao.jpg&quot;}],&quot;background_slideshow_loop&quot;:&quot;yes&quot;,&quot;background_slideshow_slide_duration&quot;:5000,&quot;background_slideshow_slide_transition&quot;:&quot;fade&quot;,&quot;background_slideshow_transition_duration&quot;:500}\">\n\t\t\t<div class=\"elementor-widget-wrap\">\n\t\t\t\t\t\t\t<\/div>\n\t\t<\/div>\n\t\t\t\t\t<\/div>\n\t\t<\/section>\n\t\t\t\t<section class=\"elementor-section elementor-top-section elementor-element elementor-element-b0b9e0a elementor-section-full_width elementor-section-height-min-height elementor-section-items-stretch elementor-section-height-default\" data-id=\"b0b9e0a\" data-element_type=\"section\" data-e-type=\"section\">\n\t\t\t\t\t\t<div class=\"elementor-container elementor-column-gap-no\">\n\t\t\t\t\t<div class=\"elementor-column elementor-col-50 elementor-top-column elementor-element elementor-element-8f7179a\" data-id=\"8f7179a\" data-element_type=\"column\" data-e-type=\"column\" data-settings=\"{&quot;background_background&quot;:&quot;slideshow&quot;,&quot;background_slideshow_gallery&quot;:[{&quot;id&quot;:165,&quot;url&quot;:&quot;https:\\\/\\\/efscork.com\\\/wp-content\\\/uploads\\\/2021\\\/07\\\/cortica.jpg&quot;}],&quot;background_slideshow_loop&quot;:&quot;yes&quot;,&quot;background_slideshow_slide_duration&quot;:5000,&quot;background_slideshow_slide_transition&quot;:&quot;fade&quot;,&quot;background_slideshow_transition_duration&quot;:500}\">\n\t\t\t<div class=\"elementor-widget-wrap\">\n\t\t\t\t\t\t\t<\/div>\n\t\t<\/div>\n\t\t\t\t<div class=\"elementor-column elementor-col-50 elementor-top-column elementor-element elementor-element-ea49dfa\" data-id=\"ea49dfa\" data-element_type=\"column\" data-e-type=\"column\">\n\t\t\t<div class=\"elementor-widget-wrap elementor-element-populated\">\n\t\t\t\t\t\t<div class=\"elementor-element elementor-element-7317722 elementor-widget elementor-widget-text-editor\" data-id=\"7317722\" data-element_type=\"widget\" data-e-type=\"widget\" data-widget_type=\"text-editor.default\">\n\t\t\t\t<div class=\"elementor-widget-container\">\n\t\t\t\t\t\t\t\t\t<p>EFS Cork se enorgullece de trabajar con una materia prima noble, ecol\u00f3gica y sostenible, implementando las mejores y m\u00e1s limpias pr\u00e1cticas de producci\u00f3n en su proceso para contribuir a un planeta m\u00e1s sostenible.<\/p>\n<p>Las personas son nuestro principal activo y en EFS Cork, estamos orgullosos de contribuir a la creaci\u00f3n de puestos de trabajo directos e indirectos. EFS Cork se compromete a ofrecer a nuestros empleados y socios las mejores condiciones de trabajo y seguridad y, al mismo tiempo, promover la igualdad social y de g\u00e9nero.<\/p>\n\t\t\t\t\t\t\t\t<\/div>\n\t\t\t\t<\/div>\n\t\t\t\t\t<\/div>\n\t\t<\/div>\n\t\t\t\t\t<\/div>\n\t\t<\/section>\n\t\t\t\t<section class=\"elementor-section elementor-top-section elementor-element elementor-element-e7f53d5 elementor-section-full_width elementor-section-height-min-height elementor-section-items-stretch elementor-reverse-mobile elementor-section-height-default\" data-id=\"e7f53d5\" data-element_type=\"section\" data-e-type=\"section\">\n\t\t\t\t\t\t<div class=\"elementor-container elementor-column-gap-no\">\n\t\t\t\t\t<div class=\"elementor-column elementor-col-50 elementor-top-column elementor-element elementor-element-20ebf00\" data-id=\"20ebf00\" data-element_type=\"column\" data-e-type=\"column\">\n\t\t\t<div class=\"elementor-widget-wrap elementor-element-populated\">\n\t\t\t\t\t\t<div class=\"elementor-element elementor-element-23945e9 elementor-position-inline-start elementor-view-default elementor-mobile-position-block-start elementor-widget elementor-widget-icon-box\" data-id=\"23945e9\" data-element_type=\"widget\" data-e-type=\"widget\" data-widget_type=\"icon-box.default\">\n\t\t\t\t<div class=\"elementor-widget-container\">\n\t\t\t\t\t\t\t<div class=\"elementor-icon-box-wrapper\">\n\n\t\t\t\t\t\t<div class=\"elementor-icon-box-icon\">\n\t\t\t\t<span  class=\"elementor-icon\">\n\t\t\t\t<svg xmlns=\"http:\/\/www.w3.org\/2000\/svg\" xmlns:xlink=\"http:\/\/www.w3.org\/1999\/xlink\" id=\"Camada_1\" x=\"0px\" y=\"0px\" viewBox=\"0 0 250 250\" style=\"enable-background:new 0 0 250 250;\" xml:space=\"preserve\"><style type=\"text\/css\">\t.st0{fill:#01433C;}\t.st1{fill:#FFFFFF;}<\/style><circle class=\"st0\" cx=\"125\" cy=\"125\" r=\"115.43\"><\/circle><g>\t<path class=\"st1\" d=\"M115.94,53.09c6.04,0,12.08,0,18.12,0c6.77,2.06,13.92,3.37,20.21,6.41c6.04,2.92,10.64,4.46,15.03-2.08   c0.76-1.13,3.73-2,4.8-1.42c1.45,0.79,2.56,3.01,2.92,4.79c0.74,3.61,0.87,7.33,1.28,11.3c4,0.41,7.76,0.54,11.39,1.27   c1.8,0.36,4.28,1.49,4.79,2.87c0.51,1.38-0.78,3.69-1.78,5.28c-0.97,1.54-2.79,2.55-3.83,4.06c-0.69,1.01-1.24,2.7-0.88,3.76   c3.03,8.93,6.28,17.79,9.47,26.66c0,5.99,0,11.99,0,17.98c-0.36,1.03-0.87,2.03-1.06,3.09c-5.81,33.01-33.77,57.99-66.9,59.73   c-34.15,1.79-64.45-19.29-74.02-51.55c-1.1-3.72-1.99-7.51-2.97-11.26c0-5.99,0-11.99,0-17.98c0.36-1.03,0.84-2.04,1.06-3.1   c5.91-29.04,23.19-47.97,51.52-57.04C108.65,54.73,112.33,54,115.94,53.09z M154.76,69.28c-21.78-15.64-60.37-8.13-79.88,16.28   c-21.31,26.66-17.65,64.84,8.38,87.48c25.19,21.91,64.31,20.18,87.64-3.88c19.57-20.18,24.33-58.53,10.08-73.64   c-4.93,1.79-9.4,3.42-13.87,5.05c10.57,28.97,5.69,50.32-15.2,64.28c-18.31,12.23-42.62,10.54-59.17-4.12   c-16.45-14.57-20.88-38.49-10.61-57.91c5.17-9.78,12.86-17.04,23.02-21.54c15.49-6.85,30.69-5.3,44.43,2.17   C151.34,78.64,152.91,74.33,154.76,69.28z M149.78,94.2c-17.55-13.37-40.81-11.09-54.95,4.95c-13.87,15.73-12.76,39.7,2.52,54.33   c15.24,14.59,39.37,14.8,54.81,0.48c15.3-14.18,17.04-37.53,2.96-54.5c-1.81,2.36-3.2,4.97-5.31,6.75   c-4.06,3.42-5.62,6.33-3.3,12.11c4.77,11.93-2.84,25-15.45,28.56c-12.14,3.43-24.86-3.82-28.21-16.07   c-3.34-12.22,4.49-25.77,17.1-27.75c5.8-0.91,12.03,0.82,18.06,1.36c0.22,0.69,0.45,1.38,0.67,2.07c2.48-2.8,4.95-5.62,7.45-8.4   C147.25,96.82,148.43,95.63,149.78,94.2z M132.76,112.74c-10.12-3.38-16.94-1-20.47,5.63c-3.22,6.06-1.73,13.32,3.64,17.67   c5.32,4.31,12.89,4.3,18.18-0.04c5.27-4.32,6.59-10.98,2.44-18.08c-2.78,3.32-4.99,6.67-7.93,9.15c-1.4,1.18-4.21,0.69-6.39,0.96   c0.2-2.29-0.42-5.22,0.78-6.72C125.39,118.33,128.77,116.13,132.76,112.74z M180.33,81.49c-8.7-2.25-8.7-2.25-11.6-11.07   c-11.49,10.07-10.21,7.2-7.98,18.92C170.45,94.16,175.25,87.84,180.33,81.49z\"><\/path><\/g><\/svg>\t\t\t\t<\/span>\n\t\t\t<\/div>\n\t\t\t\n\t\t\t\t\t\t<div class=\"elementor-icon-box-content\">\n\n\t\t\t\t\t\t\t\t\t<h3 class=\"elementor-icon-box-title\">\n\t\t\t\t\t\t<span  >\n\t\t\t\t\t\t\tMisi\u00f3n\t\t\t\t\t\t<\/span>\n\t\t\t\t\t<\/h3>\n\t\t\t\t\n\t\t\t\t\t\t\t\t\t<p class=\"elementor-icon-box-description\">\n\t\t\t\t\t\tValorar el corcho de forma innovadora, competitiva, sostenible, garantizando altos est\u00e1ndares de calidad desde el alcornoque hasta el consumidor final.\t\t\t\t\t<\/p>\n\t\t\t\t\n\t\t\t<\/div>\n\t\t\t\n\t\t<\/div>\n\t\t\t\t\t\t<\/div>\n\t\t\t\t<\/div>\n\t\t\t\t<div class=\"elementor-element elementor-element-6e369ea elementor-position-inline-start elementor-view-default elementor-mobile-position-block-start elementor-widget elementor-widget-icon-box\" data-id=\"6e369ea\" data-element_type=\"widget\" data-e-type=\"widget\" data-widget_type=\"icon-box.default\">\n\t\t\t\t<div class=\"elementor-widget-container\">\n\t\t\t\t\t\t\t<div class=\"elementor-icon-box-wrapper\">\n\n\t\t\t\t\t\t<div class=\"elementor-icon-box-icon\">\n\t\t\t\t<span  class=\"elementor-icon\">\n\t\t\t\t<svg xmlns=\"http:\/\/www.w3.org\/2000\/svg\" xmlns:xlink=\"http:\/\/www.w3.org\/1999\/xlink\" id=\"Camada_1\" x=\"0px\" y=\"0px\" viewBox=\"0 0 250 250\" style=\"enable-background:new 0 0 250 250;\" xml:space=\"preserve\"><style type=\"text\/css\">\t.st0{fill:#01433C;}\t.st1{fill:#FFFFFF;}<\/style><circle class=\"st0\" cx=\"125\" cy=\"125\" r=\"115.43\"><\/circle><g>\t<path class=\"st1\" d=\"M48,122.71c10.98-10.41,21.03-22.09,33.14-30.96c28.96-21.22,58.13-21.37,87.22-0.33   c12.31,8.91,22.49,20.77,33.64,31.29c0,1.6,0,3.21,0,4.81c-9.52,9.35-18.27,19.7-28.72,27.87c-32.54,25.43-65.33,25.14-97.54-0.71   C65.7,146.62,57.21,136.63,48,127.52C48,125.92,48,124.31,48,122.71z M58.44,126.42c11.46,9.37,21.91,18.65,33.15,26.84   c8.63,6.28,18.72,10.07,29.6,10.46c30.76,1.1,50.21-18.01,69.39-38.41c-12.18-14.33-25.31-26.17-41.86-33.69   c-13.27-6.03-27.01-7.28-40.91-2.52C88.07,95.86,73.18,109.24,58.44,126.42z\"><\/path>\t<path class=\"st1\" d=\"M155.3,124.92c0.08,16.87-13.05,30.31-29.81,30.51c-17.15,0.2-30.71-13.07-30.79-30.13   c-0.09-17.12,13.3-30.54,30.41-30.5C141.96,94.84,155.22,108.07,155.3,124.92z M125.02,104.75c-10.99-0.02-20.26,9.17-20.38,20.18   c-0.11,10.98,9.01,20.34,20.02,20.54c11.18,0.21,20.76-9.28,20.68-20.49C145.27,113.98,136.01,104.76,125.02,104.75z\"><\/path><\/g><\/svg>\t\t\t\t<\/span>\n\t\t\t<\/div>\n\t\t\t\n\t\t\t\t\t\t<div class=\"elementor-icon-box-content\">\n\n\t\t\t\t\t\t\t\t\t<h3 class=\"elementor-icon-box-title\">\n\t\t\t\t\t\t<span  >\n\t\t\t\t\t\t\tVisi\u00f3n\t\t\t\t\t\t<\/span>\n\t\t\t\t\t<\/h3>\n\t\t\t\t\n\t\t\t\t\t\t\t\t\t<p class=\"elementor-icon-box-description\">\n\t\t\t\t\t\tEstablecer relaciones a largo plazo con nuestros socios. Crecer de forma s\u00f3lida y sostenible, apostando por la calidad, la precisi\u00f3n y los avances tecnol\u00f3gicos.\r\nRespetando lo mejor que nos brinda la naturaleza y promoviendo la equidad social de nuestros colaboradores.\t\t\t\t\t<\/p>\n\t\t\t\t\n\t\t\t<\/div>\n\t\t\t\n\t\t<\/div>\n\t\t\t\t\t\t<\/div>\n\t\t\t\t<\/div>\n\t\t\t\t<div class=\"elementor-element elementor-element-a9ff673 elementor-position-inline-start elementor-view-default elementor-mobile-position-block-start elementor-widget elementor-widget-icon-box\" data-id=\"a9ff673\" data-element_type=\"widget\" data-e-type=\"widget\" data-widget_type=\"icon-box.default\">\n\t\t\t\t<div class=\"elementor-widget-container\">\n\t\t\t\t\t\t\t<div class=\"elementor-icon-box-wrapper\">\n\n\t\t\t\t\t\t<div class=\"elementor-icon-box-icon\">\n\t\t\t\t<span  class=\"elementor-icon\">\n\t\t\t\t<svg xmlns=\"http:\/\/www.w3.org\/2000\/svg\" xmlns:xlink=\"http:\/\/www.w3.org\/1999\/xlink\" id=\"Camada_1\" x=\"0px\" y=\"0px\" viewBox=\"0 0 250 250\" style=\"enable-background:new 0 0 250 250;\" xml:space=\"preserve\"><style type=\"text\/css\">\t.st0{fill:#01433C;}\t.st1{fill:#FFFFFF;}<\/style><circle class=\"st0\" cx=\"125\" cy=\"125\" r=\"115.43\"><\/circle><polygon class=\"st1\" points=\"164.44,85.65 109.92,140.17 85.56,115.81 73.54,127.83 97.9,152.19 97.77,152.32 109.79,164.34   176.46,97.68 \"><\/polygon><\/svg>\t\t\t\t<\/span>\n\t\t\t<\/div>\n\t\t\t\n\t\t\t\t\t\t<div class=\"elementor-icon-box-content\">\n\n\t\t\t\t\t\t\t\t\t<h3 class=\"elementor-icon-box-title\">\n\t\t\t\t\t\t<span  >\n\t\t\t\t\t\t\tValores\t\t\t\t\t\t<\/span>\n\t\t\t\t\t<\/h3>\n\t\t\t\t\n\t\t\t\t\t\t\t\t\t<p class=\"elementor-icon-box-description\">\n\t\t\t\t\t\tCalidad y Precisi\u00f3n<br>\r\nSostenibilidad e Innovaci\u00f3n<br>\r\nAmbici\u00f3n y Confianza\r\n\t\t\t\t\t<\/p>\n\t\t\t\t\n\t\t\t<\/div>\n\t\t\t\n\t\t<\/div>\n\t\t\t\t\t\t<\/div>\n\t\t\t\t<\/div>\n\t\t\t\t\t<\/div>\n\t\t<\/div>\n\t\t\t\t<div class=\"elementor-column elementor-col-50 elementor-top-column elementor-element elementor-element-edb15f7\" data-id=\"edb15f7\" data-element_type=\"column\" data-e-type=\"column\" data-settings=\"{&quot;background_background&quot;:&quot;slideshow&quot;,&quot;background_slideshow_gallery&quot;:[{&quot;id&quot;:140,&quot;url&quot;:&quot;https:\\\/\\\/efscork.com\\\/wp-content\\\/uploads\\\/2021\\\/07\\\/selecao.jpg&quot;}],&quot;background_slideshow_loop&quot;:&quot;yes&quot;,&quot;background_slideshow_slide_duration&quot;:5000,&quot;background_slideshow_slide_transition&quot;:&quot;fade&quot;,&quot;background_slideshow_transition_duration&quot;:500}\">\n\t\t\t<div class=\"elementor-widget-wrap\">\n\t\t\t\t\t\t\t<\/div>\n\t\t<\/div>\n\t\t\t\t\t<\/div>\n\t\t<\/section>\n\t\t\t\t<\/div>\n\t\t","protected":false},"excerpt":{"rendered":"<p>Nuestra historia Fundada en 1945 por El\u00edsio Ferreira dos Santos y con m\u00e1s de 75 a\u00f1os de saber hacer a lo largo de 3 generaciones, EFS Cork es un grupo familiar dedicado a la producci\u00f3n y comercializaci\u00f3n de tapones de corcho y derivados del corcho en todo el mundo. Actualmente en la 3\u00aa generaci\u00f3n, EFS [&hellip;]<\/p>\n","protected":false},"author":1,"featured_media":0,"parent":0,"menu_order":0,"comment_status":"closed","ping_status":"closed","template":"","meta":{"footnotes":""},"class_list":["post-522","page","type-page","status-publish","hentry"],"_links":{"self":[{"href":"https:\/\/efscork.com\/es\/wp-json\/wp\/v2\/pages\/522","targetHints":{"allow":["GET"]}}],"collection":[{"href":"https:\/\/efscork.com\/es\/wp-json\/wp\/v2\/pages"}],"about":[{"href":"https:\/\/efscork.com\/es\/wp-json\/wp\/v2\/types\/page"}],"author":[{"embeddable":true,"href":"https:\/\/efscork.com\/es\/wp-json\/wp\/v2\/users\/1"}],"replies":[{"embeddable":true,"href":"https:\/\/efscork.com\/es\/wp-json\/wp\/v2\/comments?post=522"}],"version-history":[{"count":1,"href":"https:\/\/efscork.com\/es\/wp-json\/wp\/v2\/pages\/522\/revisions"}],"predecessor-version":[{"id":523,"href":"https:\/\/efscork.com\/es\/wp-json\/wp\/v2\/pages\/522\/revisions\/523"}],"wp:attachment":[{"href":"https:\/\/efscork.com\/es\/wp-json\/wp\/v2\/media?parent=522"}],"curies":[{"name":"wp","href":"https:\/\/api.w.org\/{rel}","templated":true}]}}