{"id":84,"date":"2021-07-27T12:42:49","date_gmt":"2021-07-27T12:42:49","guid":{"rendered":"http:\/\/store.miligram.pt\/?post_type=product&#038;p=84"},"modified":"2021-07-27T12:56:12","modified_gmt":"2021-07-27T12:56:12","slug":"20","status":"publish","type":"product","link":"https:\/\/efscork.com\/pt-pt\/produto\/20\/","title":{"rendered":"2+0"},"content":{"rendered":"<p>A rolha para vinho espumante pode ser inclu\u00edda no grupo das rolhas t\u00e9cnicas e denomina-se na g\u00edria de \u201c2+0\u201d.<br \/>\nEsta tem a particularidade de possuir um formato diferente ao da chamada rolha tradicional,\u00a0devido \u00e1 necessidade de resistir \u00e0s elevadas press\u00f5es presentes nos vinhos espumantes.<br \/>\nDeste modo, esta rolha \u00e9 constitu\u00edda por um corpo de aglomerado de corti\u00e7a,<br \/>\nem que \u00e0 extremidade da rolha sendo lhe adicionado 2 discos de corti\u00e7a natural de alta qualidade.<\/p>\n","protected":false},"excerpt":{"rendered":"<p>Este tipo de produto tem a sua maior aplicabilidade em vinhos espumantes, pois \u00e9 perfeitamente capaz de reter o g\u00e1s dentro da garrafa, mantendo a efervesc\u00eancia do vinho.<br \/>\nPor outro lado, confere um comportamento regular ao n\u00edvel de for\u00e7a de compress\u00e3o (engarrafamento) e extra\u00e7\u00e3o da rolha na garrafa.<\/p>\n","protected":false},"featured_media":94,"template":"","meta":[],"product_brand":[],"product_cat":[19],"product_tag":[],"class_list":{"0":"post-84","1":"product","2":"type-product","3":"status-publish","4":"has-post-thumbnail","6":"product_cat-sem-categoria","8":"first","9":"instock","10":"shipping-taxable","11":"product-type-simple"},"_links":{"self":[{"href":"https:\/\/efscork.com\/pt-pt\/wp-json\/wp\/v2\/product\/84","targetHints":{"allow":["GET"]}}],"collection":[{"href":"https:\/\/efscork.com\/pt-pt\/wp-json\/wp\/v2\/product"}],"about":[{"href":"https:\/\/efscork.com\/pt-pt\/wp-json\/wp\/v2\/types\/product"}],"wp:featuredmedia":[{"embeddable":true,"href":"https:\/\/efscork.com\/pt-pt\/wp-json\/wp\/v2\/media\/94"}],"wp:attachment":[{"href":"https:\/\/efscork.com\/pt-pt\/wp-json\/wp\/v2\/media?parent=84"}],"wp:term":[{"taxonomy":"product_brand","embeddable":true,"href":"https:\/\/efscork.com\/pt-pt\/wp-json\/wp\/v2\/product_brand?post=84"},{"taxonomy":"product_cat","embeddable":true,"href":"https:\/\/efscork.com\/pt-pt\/wp-json\/wp\/v2\/product_cat?post=84"},{"taxonomy":"product_tag","embeddable":true,"href":"https:\/\/efscork.com\/pt-pt\/wp-json\/wp\/v2\/product_tag?post=84"}],"curies":[{"name":"wp","href":"https:\/\/api.w.org\/{rel}","templated":true}]}}