{"id":85,"date":"2021-07-27T12:44:10","date_gmt":"2021-07-27T12:44:10","guid":{"rendered":"http:\/\/store.miligram.pt\/?post_type=product&#038;p=85"},"modified":"2021-07-27T12:57:35","modified_gmt":"2021-07-27T12:57:35","slug":"11","status":"publish","type":"product","link":"https:\/\/efscork.com\/pt-pt\/produto\/11\/","title":{"rendered":"1+1"},"content":{"rendered":"<p>A rolha t\u00e9cnica \u201c1+1\u201d, \u00e9 constitu\u00edda por um corpo de aglomerado ou micro aglomerado de corti\u00e7a que possui em cada extremidade 1 disco de corti\u00e7a natural, estes discos s\u00e3o colados\u00a0atrav\u00e9s de aglutinantes aprovados para uso em produtos, que por sua vez, ir\u00e3o estar em contacto com alimentos, como \u00e9 o caso da rolha.<br \/>\nApesar de ser apelidada de \u201crolha t\u00e9cnica\u201d, esta consegue ter um visual muito semelhante \u00e1 rolha de corti\u00e7a natural tradicional.<\/p>\n","protected":false},"excerpt":{"rendered":"<p>Este tipo de produto \u00e9 usualmente usado para engarrafar vinhos consum\u00edveis num prazo entre 2 a 3 anos, pois demonstra excelentes resultados na veda\u00e7\u00e3o do vinho na garrafa ao longo do per\u00edodo referido anteriormente, mantendo assim n\u00edveis ideais de concentra\u00e7\u00e3o de SO2 e evitando a oxida\u00e7\u00e3o prematura do vinho.<\/p>\n","protected":false},"featured_media":96,"template":"","meta":[],"product_brand":[],"product_cat":[19],"product_tag":[],"class_list":{"0":"post-85","1":"product","2":"type-product","3":"status-publish","4":"has-post-thumbnail","6":"product_cat-sem-categoria","8":"first","9":"instock","10":"shipping-taxable","11":"product-type-simple"},"_links":{"self":[{"href":"https:\/\/efscork.com\/pt-pt\/wp-json\/wp\/v2\/product\/85","targetHints":{"allow":["GET"]}}],"collection":[{"href":"https:\/\/efscork.com\/pt-pt\/wp-json\/wp\/v2\/product"}],"about":[{"href":"https:\/\/efscork.com\/pt-pt\/wp-json\/wp\/v2\/types\/product"}],"wp:featuredmedia":[{"embeddable":true,"href":"https:\/\/efscork.com\/pt-pt\/wp-json\/wp\/v2\/media\/96"}],"wp:attachment":[{"href":"https:\/\/efscork.com\/pt-pt\/wp-json\/wp\/v2\/media?parent=85"}],"wp:term":[{"taxonomy":"product_brand","embeddable":true,"href":"https:\/\/efscork.com\/pt-pt\/wp-json\/wp\/v2\/product_brand?post=85"},{"taxonomy":"product_cat","embeddable":true,"href":"https:\/\/efscork.com\/pt-pt\/wp-json\/wp\/v2\/product_cat?post=85"},{"taxonomy":"product_tag","embeddable":true,"href":"https:\/\/efscork.com\/pt-pt\/wp-json\/wp\/v2\/product_tag?post=85"}],"curies":[{"name":"wp","href":"https:\/\/api.w.org\/{rel}","templated":true}]}}