{"id":86,"date":"2021-07-27T12:45:20","date_gmt":"2021-07-27T12:45:20","guid":{"rendered":"http:\/\/store.miligram.pt\/?post_type=product&#038;p=86"},"modified":"2021-09-30T14:27:52","modified_gmt":"2021-09-30T14:27:52","slug":"capsulada","status":"publish","type":"product","link":"https:\/\/efscork.com\/pt-pt\/produto\/capsulada\/","title":{"rendered":"Capsulada"},"content":{"rendered":"<p>A rolha capsulada \u00e9 uma rolha de corti\u00e7a em cujo topo \u00e9 colocada uma c\u00e1psula, de madeira, PVC, porcelana, metal, vidro ou outros materiais.<br \/>\nA rolha capsulada \u00e9 geralmente utilizada em vinhos licorosos\/generosos ou em bebidas espirituosas que quando saem para o mercado est\u00e3o prontos a serem consumidos.<\/p>\n","protected":false},"excerpt":{"rendered":"<p>Esta rolha \u00e9 muito pr\u00e1tica para os barmen e para os consumidores pois permite uma reutiliza\u00e7\u00e3o f\u00e1cil \u2013 um fator importante para garrafas cujo conte\u00fado n\u00e3o \u00e9 consumido de uma s\u00f3 vez.<\/p>\n","protected":false},"featured_media":566,"template":"","meta":[],"product_brand":[],"product_cat":[19],"product_tag":[],"class_list":{"0":"post-86","1":"product","2":"type-product","3":"status-publish","4":"has-post-thumbnail","6":"product_cat-sem-categoria","8":"first","9":"instock","10":"shipping-taxable","11":"product-type-simple"},"_links":{"self":[{"href":"https:\/\/efscork.com\/pt-pt\/wp-json\/wp\/v2\/product\/86","targetHints":{"allow":["GET"]}}],"collection":[{"href":"https:\/\/efscork.com\/pt-pt\/wp-json\/wp\/v2\/product"}],"about":[{"href":"https:\/\/efscork.com\/pt-pt\/wp-json\/wp\/v2\/types\/product"}],"wp:featuredmedia":[{"embeddable":true,"href":"https:\/\/efscork.com\/pt-pt\/wp-json\/wp\/v2\/media\/566"}],"wp:attachment":[{"href":"https:\/\/efscork.com\/pt-pt\/wp-json\/wp\/v2\/media?parent=86"}],"wp:term":[{"taxonomy":"product_brand","embeddable":true,"href":"https:\/\/efscork.com\/pt-pt\/wp-json\/wp\/v2\/product_brand?post=86"},{"taxonomy":"product_cat","embeddable":true,"href":"https:\/\/efscork.com\/pt-pt\/wp-json\/wp\/v2\/product_cat?post=86"},{"taxonomy":"product_tag","embeddable":true,"href":"https:\/\/efscork.com\/pt-pt\/wp-json\/wp\/v2\/product_tag?post=86"}],"curies":[{"name":"wp","href":"https:\/\/api.w.org\/{rel}","templated":true}]}}