{"id":87,"date":"2021-07-27T12:45:59","date_gmt":"2021-07-27T12:45:59","guid":{"rendered":"http:\/\/store.miligram.pt\/?post_type=product&#038;p=87"},"modified":"2021-09-03T15:29:21","modified_gmt":"2021-09-03T15:29:21","slug":"colmatada","status":"publish","type":"product","link":"https:\/\/efscork.com\/pt-pt\/produto\/colmatada\/","title":{"rendered":"Colmatada"},"content":{"rendered":"<p>A rolha colmatada \u00e9 proveniente da colmatagem, processo em que os poros da rolha natural s\u00e3o preenchidos com o p\u00f3 da corti\u00e7a atrav\u00e9s de uma cola \u00e0 base de resina ou \u00e1gua.<br \/>\nEste m\u00e9todo de fabrica\u00e7\u00e3o tem como principal objetivo aprimorar tanto a performance da rolha como o seu aspeto visual, tornando-a homog\u00e9nea.<\/p>\n","protected":false},"excerpt":{"rendered":"<p>Este tipo de rolhas destina-se a vinhos de m\u00e9dia\/alta rota\u00e7\u00e3o cumprindo a sua fun\u00e7\u00e3o com elevada performance.<\/p>\n","protected":false},"featured_media":451,"template":"","meta":[],"product_brand":[],"product_cat":[19],"product_tag":[],"class_list":{"0":"post-87","1":"product","2":"type-product","3":"status-publish","4":"has-post-thumbnail","6":"product_cat-sem-categoria","8":"first","9":"instock","10":"shipping-taxable","11":"product-type-simple"},"_links":{"self":[{"href":"https:\/\/efscork.com\/pt-pt\/wp-json\/wp\/v2\/product\/87","targetHints":{"allow":["GET"]}}],"collection":[{"href":"https:\/\/efscork.com\/pt-pt\/wp-json\/wp\/v2\/product"}],"about":[{"href":"https:\/\/efscork.com\/pt-pt\/wp-json\/wp\/v2\/types\/product"}],"wp:featuredmedia":[{"embeddable":true,"href":"https:\/\/efscork.com\/pt-pt\/wp-json\/wp\/v2\/media\/451"}],"wp:attachment":[{"href":"https:\/\/efscork.com\/pt-pt\/wp-json\/wp\/v2\/media?parent=87"}],"wp:term":[{"taxonomy":"product_brand","embeddable":true,"href":"https:\/\/efscork.com\/pt-pt\/wp-json\/wp\/v2\/product_brand?post=87"},{"taxonomy":"product_cat","embeddable":true,"href":"https:\/\/efscork.com\/pt-pt\/wp-json\/wp\/v2\/product_cat?post=87"},{"taxonomy":"product_tag","embeddable":true,"href":"https:\/\/efscork.com\/pt-pt\/wp-json\/wp\/v2\/product_tag?post=87"}],"curies":[{"name":"wp","href":"https:\/\/api.w.org\/{rel}","templated":true}]}}