{"id":97,"date":"2021-07-27T13:01:26","date_gmt":"2021-07-27T13:01:26","guid":{"rendered":"http:\/\/store.miligram.pt\/?post_type=product&#038;p=97"},"modified":"2021-07-27T13:24:14","modified_gmt":"2021-07-27T13:24:14","slug":"cortica-natural","status":"publish","type":"product","link":"https:\/\/efscork.com\/pt-pt\/produto\/cortica-natural\/","title":{"rendered":"Corti\u00e7a Natural"},"content":{"rendered":"<p>A rolha de corti\u00e7a natural \u00e9 o produto mais antigo no mercado sendo um vedante \u00fanico e perfeito.<br \/>\nPor ser um vedante 100% natural constitu\u00eddo por uma s\u00f3 pe\u00e7a, apresenta propriedades \u00fanicas que mais nenhum outro vedante concorrente consegue oferecer.<\/p>\n","protected":false},"excerpt":{"rendered":"<p>Este tipo de produto \u00e9 usado para vedar qualquer tipo de vinho independentemente da sua qualidade, rota\u00e7\u00e3o ou respetiva geometria da garrafa. A rolha de corti\u00e7a natural apresenta maior superioridade ao inv\u00e9s de outro tipo de rolhas devido \u00e0 sua vida \u00fatil.<br \/>\nLogo, nos casos em que o vinho apresenta baixa rota\u00e7\u00e3o, o uso desta rolha \u00e9 esmagadoramente priorit\u00e1rio, permitindo que o vinho envelhe\u00e7a com a qualidade desejada.<\/p>\n","protected":false},"featured_media":100,"template":"","meta":[],"product_brand":[],"product_cat":[19],"product_tag":[],"class_list":{"0":"post-97","1":"product","2":"type-product","3":"status-publish","4":"has-post-thumbnail","6":"product_cat-sem-categoria","8":"first","9":"instock","10":"shipping-taxable","11":"product-type-simple"},"_links":{"self":[{"href":"https:\/\/efscork.com\/pt-pt\/wp-json\/wp\/v2\/product\/97","targetHints":{"allow":["GET"]}}],"collection":[{"href":"https:\/\/efscork.com\/pt-pt\/wp-json\/wp\/v2\/product"}],"about":[{"href":"https:\/\/efscork.com\/pt-pt\/wp-json\/wp\/v2\/types\/product"}],"wp:featuredmedia":[{"embeddable":true,"href":"https:\/\/efscork.com\/pt-pt\/wp-json\/wp\/v2\/media\/100"}],"wp:attachment":[{"href":"https:\/\/efscork.com\/pt-pt\/wp-json\/wp\/v2\/media?parent=97"}],"wp:term":[{"taxonomy":"product_brand","embeddable":true,"href":"https:\/\/efscork.com\/pt-pt\/wp-json\/wp\/v2\/product_brand?post=97"},{"taxonomy":"product_cat","embeddable":true,"href":"https:\/\/efscork.com\/pt-pt\/wp-json\/wp\/v2\/product_cat?post=97"},{"taxonomy":"product_tag","embeddable":true,"href":"https:\/\/efscork.com\/pt-pt\/wp-json\/wp\/v2\/product_tag?post=97"}],"curies":[{"name":"wp","href":"https:\/\/api.w.org\/{rel}","templated":true}]}}