{"id":98,"date":"2021-07-27T13:02:20","date_gmt":"2021-07-27T13:02:20","guid":{"rendered":"http:\/\/store.miligram.pt\/?post_type=product&#038;p=98"},"modified":"2021-07-27T13:30:08","modified_gmt":"2021-07-27T13:30:08","slug":"aglomerada","status":"publish","type":"product","link":"https:\/\/efscork.com\/pt-pt\/produto\/aglomerada\/","title":{"rendered":"Aglomerada"},"content":{"rendered":"<p>A rolha aglomerada \u00e9 resultante de um processo de moldagem individual ou extrus\u00e3o, em que em ambos os m\u00e9todos, \u00e9 usado uma subst\u00e2ncia aglutinadora que une os granulados provenientes da corti\u00e7a.<\/p>\n","protected":false},"excerpt":{"rendered":"<p>Esta \u00e9 uma solu\u00e7\u00e3o eficiente e econ\u00f3mica para vinhos de consumo imediato, cujo n\u00e3o excedam o per\u00edodo de 24 meses.<\/p>\n","protected":false},"featured_media":101,"template":"","meta":[],"product_brand":[],"product_cat":[19],"product_tag":[],"class_list":{"0":"post-98","1":"product","2":"type-product","3":"status-publish","4":"has-post-thumbnail","6":"product_cat-sem-categoria","8":"first","9":"instock","10":"shipping-taxable","11":"product-type-simple"},"_links":{"self":[{"href":"https:\/\/efscork.com\/pt-pt\/wp-json\/wp\/v2\/product\/98","targetHints":{"allow":["GET"]}}],"collection":[{"href":"https:\/\/efscork.com\/pt-pt\/wp-json\/wp\/v2\/product"}],"about":[{"href":"https:\/\/efscork.com\/pt-pt\/wp-json\/wp\/v2\/types\/product"}],"wp:featuredmedia":[{"embeddable":true,"href":"https:\/\/efscork.com\/pt-pt\/wp-json\/wp\/v2\/media\/101"}],"wp:attachment":[{"href":"https:\/\/efscork.com\/pt-pt\/wp-json\/wp\/v2\/media?parent=98"}],"wp:term":[{"taxonomy":"product_brand","embeddable":true,"href":"https:\/\/efscork.com\/pt-pt\/wp-json\/wp\/v2\/product_brand?post=98"},{"taxonomy":"product_cat","embeddable":true,"href":"https:\/\/efscork.com\/pt-pt\/wp-json\/wp\/v2\/product_cat?post=98"},{"taxonomy":"product_tag","embeddable":true,"href":"https:\/\/efscork.com\/pt-pt\/wp-json\/wp\/v2\/product_tag?post=98"}],"curies":[{"name":"wp","href":"https:\/\/api.w.org\/{rel}","templated":true}]}}